{"id":264,"date":"2018-05-21T15:51:42","date_gmt":"2018-05-21T06:51:42","guid":{"rendered":"https:\/\/2018.tokyo.wordcamp.org\/?page_id=264"},"modified":"2018-09-05T17:03:55","modified_gmt":"2018-09-05T08:03:55","slug":"location-en","status":"publish","type":"page","link":"https:\/\/tokyo.wordcamp.org\/2018\/en\/location-en\/","title":{"rendered":"Location"},"content":{"rendered":"<p>The after party will be held in Shibuya. Please see <a href=\"https:\/\/2018.tokyo.wordcamp.org\/after-party-location\/#apl\">this After Party information page<\/a>\u00a0for details.<\/p>\n<h2>Contributor Day &amp; Session Day Venue<\/h2>\n<dl>\n<dt>Belle Salle Shinjuku Grand Conference Center\u00a05th Floor<\/dt>\n<dd>\n<figure id=\"attachment_520\" aria-describedby=\"caption-attachment-520\" style=\"width: 199px\" class=\"wp-caption alignright\"><img loading=\"lazy\" decoding=\"async\" class=\"size-medium wp-image-520\" src=\"https:\/\/2018.tokyo.wordcamp.org\/files\/2018\/05\/398px-Shinjuku_Grand_Tower_from_north-east2012.3.12-199x300.jpg\" alt=\"\" width=\"199\" height=\"300\" \/><figcaption id=\"caption-attachment-520\" class=\"wp-caption-text\">Photo credit: <a href=\"https:\/\/ja.wikipedia.org\/wiki\/%E3%83%95%E3%82%A1%E3%82%A4%E3%83%AB:Shinjuku_Grand_Tower_from_north-east2012.3.12.JPG\">Mountainlife \/ Wikipedia<\/a><\/figcaption><\/figure>\n<p>Nishishinjuku 8-17-1, Shinjuku-ku, Tokyo<br \/>\nSumitomo Fudosan Shinjuku Grand Tower<br \/>\nZIP: 160-6105<br \/>\n<a href=\"https:\/\/www.bellesalle.co.jp\/shisetsu\/shinjuku\/bs_shinjukugrand\/access\" target=\"_blank\" rel=\"noopener\">https:\/\/www.bellesalle.co.jp\/shisetsu\/shinjuku\/bs_shinjukugrand\/access<\/a><\/dd>\n<\/dl>\n<p><em>Note that there are <strong>three<\/strong> different Bell Salle facilities in Shinjuku.<\/em><\/p>\n<div class=\"googlemaps\"><div class=\"googlemaps\">\n\t\t\t\t<iframe loading=\"lazy\" width=\"700\" height=\"350\" frameborder=\"0\" scrolling=\"no\" marginheight=\"0\" marginwidth=\"0\"  src=\"https:\/\/www.google.com\/maps\/embed?pb=!1m18!1m12!1m3!1d3240.204009796!2d139.68850631528298!3d35.696596980190655!2m3!1f0!2f0!3f0!3m2!1i1024!2i768!4f22!3m3!1m2!1s0x60188d2b43cd0117:0xa0601542ddf0ec9b!2z5L2P5Y-L5LiN5YuV55Sj5paw5a6_44Kw44Op44Oz44OJ44K_44Ov44O8!5e0!3m2!1sja!2sjp!4v1457280708881&#038;z=14\"><\/iframe>\n\t\t\t<\/div><\/div>\n<h3 id=\"p02-1\">Access by Trains and Subways<\/h3>\n<dl>\n<dt>Shinjuku Station<\/dt>\n<dd>15-minutes walk from the <strong>East Exit<\/strong>.<br \/>\nJR Ch\u016b\u014d-S\u014dbu Line, JR Ch\u016b\u014d Line, JR Yamanote Line, Metro Marunouchi Line (M 08), Odaky\u016b Line, Kei\u014d Line, or Toei \u014cedo Line (E 27).<\/dd>\n<dt>Nishi-Shinjuku Station<\/dt>\n<dd>3-minutes walk from Exit <strong>No. 1<\/strong>.<br \/>\nMetro Marunouchi Line (M 07).<\/dd>\n<dt>Toch\u014dmae Station<\/dt>\n<dd>7-minutes walk from Exit <strong>E4<\/strong>.<br \/>\nToei \u014cedo Line (E 28).<\/dd>\n<dt>Shinjuku-Nishiguchi Station<\/dt>\n<dd>11-minutes from Exit <strong>D4<\/strong>.<br \/>\nToei \u014cedo Line (E 01).<\/dd>\n<\/dl>\n<h3 id=\"p02-2\">Access from JR Shinkansen Stations<\/h3>\n<ul>\n<li>Tokyo Station \u2192 [ transfer to JR Ch\u016b\u014d Line ] \u2192 Shinjuku Station \u2192 15 minutes walk from the <strong>East Exit<\/strong><\/li>\n<li>Shinagawa Station \u2192 [ transfer to JR Yamanote Line ] \u2192 Shinjuku Station \u2192 15 minutes walk from the <strong>East Exit<\/strong><\/li>\n<\/ul>\n<h3 id=\"p02-3\">Access from the Airports<\/h3>\n<h4>Haneda Airport<\/h4>\n<dl>\n<dt>Airport Limousine Bus<\/dt>\n<dd>Take a Shinjuku-bound bus. It takes around 60 minutes.<br \/>\nGet off at the &#8220;Hilton Tokyo&#8221; stop and walk for 5 minutes.<\/dd>\n<dd><a href=\"http:\/\/www.limousinebus.co.jp\/en\/bus_services\/haneda\/index\">http:\/\/www.limousinebus.co.jp\/en\/bus_services\/haneda\/index<\/a><\/dd>\n<dt>Trains from the Haneda Airport<\/dt>\n<dd>Around 60 minutes with Keiky\u016b Line.<br \/>\nTransfer to JR Yamanote Line at Shinagawa Station. Get off at Shinjuku Station and walk 15 minutes from the <strong>East Exit<\/strong>.<\/dd>\n<dd><a href=\"http:\/\/www.haneda-tokyo-access.com\/en\/transport\/index.html#001\">http:\/\/www.haneda-tokyo-access.com\/en\/transport\/index.html#001<\/a><\/dd>\n<\/dl>\n<h4>Narita airport<\/h4>\n<dl>\n<dt>Airport Limousine Bus<\/dt>\n<dd>Take a Shinjuku-bound\u00a0bus. It takes around 140 minutes.<br \/>\nGet off at the &#8220;Hilton Tokyo&#8221; stop and walk for 5 minutes.<br \/>\n<a href=\"http:\/\/www.limousinebus.co.jp\/en\/bus_services\/narita\/index\" target=\"_blank\" rel=\"noopener\">http:\/\/www.limousinebus.co.jp\/en\/bus_services\/narita\/index<\/a><\/dd>\n<dt>JR Narita Express (N&#8217;EX)<\/dt>\n<dd>It takes around 90 minutes. Get off at Shinjuku Station and walk for 15 minutes from the <strong>East Exit<\/strong>.<br \/>\n<a href=\"http:\/\/www.jreast.co.jp\/e\/nex\/\" target=\"_blank\" rel=\"noopener\">http:\/\/www.jreast.co.jp\/e\/nex\/<\/a><\/dd>\n<dt>Keisei Line<\/dt>\n<dd>After 90 minutes trip from the Airport to Nippori Station, transfer to JR Yamanote Line. Get off at Shinjuku Station and walk for 15 minutes from the <strong>East Exit<\/strong>.<br \/>\n<a href=\"http:\/\/www.keisei.co.jp\/keisei\/tetudou\/skyliner\/us\/index.php\" target=\"_blank\" rel=\"noopener\">http:\/\/www.keisei.co.jp\/keisei\/tetudou\/skyliner\/us\/index.php<\/a><\/dd>\n<\/dl>\n<h3 id=\"p02-4\">Access by Car<\/h3>\n<p>There is no parking at the venue, so please find a parking space nearby.\u00a0We recommend coming by public transportation.<\/p>\n<h4>Highway Interchanges<\/h4>\n<dl>\n<dt>Shutoko 4-go Shinjuku Line, Shinjuku Interchange<\/dt>\n<dd><a href=\"http:\/\/www.shutoko.jp\/use\/network\/map\/route-4\/shinjuku\/\" target=\"_blank\" rel=\"noopener\">http:\/\/www.shutoko.jp\/use\/network\/map\/route-4\/shinjuku\/<\/a><\/dd>\n<dt>Shutoko Ch\u016b\u014dkanj\u014d Line Nakanoch\u014djabashi Interchange<\/dt>\n<dd><a href=\"http:\/\/www.shutoko.jp\/use\/network\/map\/route-c2\/nakanochoujabashi\/\" target=\"_blank\" rel=\"noopener\">http:\/\/www.shutoko.jp\/use\/network\/map\/route-c2\/nakanochoujabashi\/<\/a><\/dd>\n<\/dl>\n<h4>Parking Guide<\/h4>\n<p><a href=\"https:\/\/www.bellesalle.co.jp\/uploads\/01_shisetsu\/00_pdf\/access\/003_bs_shinjyuku_G2014-02-12.pdf\" target=\"_blank\" rel=\"noopener\">https:\/\/www.bellesalle.co.jp\/uploads\/01_shisetsu\/00_pdf\/access\/003_bs_shinjyuku_G2014-02-12.pdf<\/a>\u00a0(Japanese PDF file)<\/p>\n","protected":false},"excerpt":{"rendered":"<p>The after party will be held in Shibuya. Please see this After Party information page\u00a0for details. Contributor [&hellip;]<\/p>\n","protected":false},"author":864,"featured_media":0,"parent":246,"menu_order":0,"comment_status":"closed","ping_status":"closed","template":"","meta":{"jetpack_post_was_ever_published":false,"footnotes":""},"class_list":["post-264","page","type-page","status-publish","hentry"],"jetpack_sharing_enabled":true,"jetpack_shortlink":"https:\/\/wp.me\/P9Nyrt-4g","_links":{"self":[{"href":"https:\/\/tokyo.wordcamp.org\/2018\/wp-json\/wp\/v2\/pages\/264","targetHints":{"allow":["GET"]}}],"collection":[{"href":"https:\/\/tokyo.wordcamp.org\/2018\/wp-json\/wp\/v2\/pages"}],"about":[{"href":"https:\/\/tokyo.wordcamp.org\/2018\/wp-json\/wp\/v2\/types\/page"}],"author":[{"embeddable":true,"href":"https:\/\/tokyo.wordcamp.org\/2018\/wp-json\/wp\/v2\/users\/864"}],"replies":[{"embeddable":true,"href":"https:\/\/tokyo.wordcamp.org\/2018\/wp-json\/wp\/v2\/comments?post=264"}],"version-history":[{"count":7,"href":"https:\/\/tokyo.wordcamp.org\/2018\/wp-json\/wp\/v2\/pages\/264\/revisions"}],"predecessor-version":[{"id":2857,"href":"https:\/\/tokyo.wordcamp.org\/2018\/wp-json\/wp\/v2\/pages\/264\/revisions\/2857"}],"up":[{"embeddable":true,"href":"https:\/\/tokyo.wordcamp.org\/2018\/wp-json\/wp\/v2\/pages\/246"}],"wp:attachment":[{"href":"https:\/\/tokyo.wordcamp.org\/2018\/wp-json\/wp\/v2\/media?parent=264"}],"curies":[{"name":"wp","href":"https:\/\/api.w.org\/{rel}","templated":true}]}}